{"id":1219,"date":"2016-03-04T09:32:15","date_gmt":"2016-03-04T08:32:15","guid":{"rendered":"http:\/\/italybyevents.com\/en\/?page_id=1219"},"modified":"2025-01-03T14:06:05","modified_gmt":"2025-01-03T13:06:05","slug":"puglia","status":"publish","type":"page","link":"https:\/\/www.italybyevents.com\/en\/puglia","title":{"rendered":"Puglia"},"content":{"rendered":"<p>Apulia (Puglia in Italian) is in the <strong>South<\/strong> and it is the easternmost region of Italy, <strong>nicknamed &#8220;the boot heel&#8221;<\/strong> because of its particular shape that divides the Adriatic Sea from the Ionian Sea.<\/p>\n<figure id=\"attachment_7267\" aria-describedby=\"caption-attachment-7267\" style=\"width: 242px\" class=\"wp-caption alignleft\"><img decoding=\"async\" class=\"wp-image-7267\" src=\"http:\/\/italybyevents.com\/wp-content\/uploads\/2016\/03\/puglia_minoranza_greca.jpg\" width=\"242\" height=\"187\" srcset=\"https:\/\/www.italybyevents.com\/wp-content\/uploads\/2016\/03\/puglia_minoranza_greca.jpg 661w, https:\/\/www.italybyevents.com\/wp-content\/uploads\/2016\/03\/puglia_minoranza_greca-300x232.jpg 300w\" sizes=\"(max-width: 242px) 100vw, 242px\" \/><figcaption id=\"caption-attachment-7267\" class=\"wp-caption-text\">Griko community in Salento.<\/figcaption><\/figure>\n<p><strong>Bari<\/strong> is the regional capital. The other provinces are <strong>Barletta-Andria-Trani,<\/strong> <strong>Brindisi, Foggia, Lecce and Taranto.<\/strong><br \/>\n<span title=\"Bari \u00e8 una citt\u00e0 moderna, sede della Fiera del Levante, ma anche una citt\u00e0 di storia, come dimostrano la Basilica di San Nicola risalente al periodo romanico, e le chiese rupestri come quella di Santa Candida e in generale tutta la zona di \u201cBari vecchia\"><strong>Bari<\/strong> is a modern city, where Fiera del Levante is taking place every year, but it is also a town full of history as shown by the <strong>Church of St. Nicholas<\/strong> dating back to the Romanesque period, by the <strong>rock churches<\/strong> like Santa Candida and in general by the whole area of &#8220;Old Bari <\/span>&#8220;.<span class=\"\" lang=\"en\" tabindex=\"-1\"><span class=\"\" lang=\"en\" tabindex=\"-1\"><br \/>\n<\/span><\/span><br \/>\n<span title=\"Altre splendide localit\u00e0 sono Trani, Bisceglie e Barletta oppure le famose terme di Margherita di Savoia.\">Further beautiful places to visit are <strong>Trani<\/strong>, <strong>Bisceglie, Barletta<\/strong> or the<strong>\u00a0<span id=\"result_box\" class=\"short_text\" lang=\"en\" tabindex=\"-1\"><span class=\"hps\">famous thermal baths<\/span><\/span> in Margherita di Savoia<\/strong>.<br \/>\n<\/span>Going South not to be messed <strong>Ostuni<\/strong> named &#8220;<strong>the white Ostuni<\/strong>&#8221; because of its white houses, the sunny <strong>Brindisi<\/strong> and <strong>Taranto<\/strong> on the Ionian Sea, an important center of Greek civilization that today houses the <strong>Museo Archeologico Nazionale<\/strong> (MARTA).<span id=\"result_box\" class=\"\" lang=\"en\" tabindex=\"-1\"><span title=\"per le localit\u00e0 di interesse religioso, come San Giovanni Rotondo, citt\u00e0 di Padre Pio, Monte Sant'Angelo, meta di pellegrinaggi cristiani dal VI secolo, San Marco in Lamis e Manfredonia.\"><br \/>\n<\/span><\/span><\/p>\n<p><strong>Lecce<\/strong> has been <strong>Italian Capital of Culture in 2015<\/strong>.<\/p>\n<p><span style=\"color: #008000;\"><strong><u>UNESCO WORLD HERITAGE SITES IN\u00a0PUGLIA<\/u><\/strong><\/span><strong><u><br \/>\n<\/u><\/strong>The Trulli of Alberobello (1996) &#8211; Bari<br \/>\n<a href=\"http:\/\/italybyevents.com\/en\/events\/puglia\/castel-del-monte-andria\/\" target=\"_blank\" rel=\"noopener noreferrer\">Castel del Monte (1996) &#8211; Andria &#8211; see more &gt;&gt;&gt;<\/a><br \/>\nLongobards in Italy. Places of the Power (568-774 A.D.): Sanctuary of San Michele in Monte Sant\u2019Angelo (FG)<br \/>\nCastel Fiorentino in Torremaggiore (2017)<\/p>\n<p><span style=\"color: #008000;\"><strong><u>ART TOWNS IN\u00a0PUGLIA<\/u><\/strong><\/span><strong><u><br \/>\n<\/u><\/strong>Bari<br \/>\nLecce<\/p>\n<p><span style=\"color: #008000;\"><strong><u>THE MOST BEAUTIFUL VILLAGES OF ITALY IN PUGLIA<\/u><\/strong><\/span><strong><u><br \/>\n<\/u><\/strong><u>In the Province of Foggia:<\/u><br \/>\nAlberona<br \/>\nBovino<br \/>\nMonte Sant&#8217;Angelo<br \/>\nPietramontecorvino<br \/>\nRoseto Valfortore<br \/>\nVico del Gargano<\/p>\n<p><u>In the Province of Lecce:<\/u><br \/>\nOtranto<br \/>\nPresicce &#8211; Acquarica<br \/>\nSpecchia<\/p>\n<p><u>In other provinces:<br \/>\n<\/u>Cisternino \u2013 in the Province of Brindisi<br \/>\nLocorotondo \u2013 in the Province of Bari<br \/>\nMaruggio &#8211;\u00a0 in the province of Taranto<\/p>\n<p><span style=\"color: #008000;\"><strong><u>AUTHENTIC VILLAGES OF ITALY IN\u00a0PUGLIA<\/u><\/strong><\/span><strong><u><br \/>\n<\/u><\/strong><u>In the Province of Barletta-Andria-Trani:<br \/>\n<\/u>Minervino Murge<br \/>\nMontegrosso (Municipality of Adria)<br \/>\nTrinitapoli<\/p>\n<p><u>In the Province of Bari:<br \/>\n<\/u>Acquaviva delle Fonti<br \/>\nAltamura \u2013 centro storico<br \/>\nBitetto<br \/>\nCasamassima<br \/>\nCassano delle Murge<br \/>\nGAL Terre di Murgia<br \/>\nPoggiorsini<br \/>\nSannicandro di Bari<br \/>\nTuri<\/p>\n<p><u>In the Province of Foggia:<br \/>\n<\/u>Accadia<br \/>\nAlberona<br \/>\nAnzano di Puglia<br \/>\nApricena<br \/>\nBiccari<br \/>\nCandela<br \/>\nCasalnuovo Monterotaro<br \/>\nCasalvecchio di Puglia<br \/>\nCastelluccio Valmaggiore<br \/>\nCastelnuovo della Daunia<br \/>\nCelenza Valfortore<br \/>\nCelle San Vito<br \/>\nDeliceto<br \/>\nFaeto<br \/>\nIsole Tremiti<br \/>\nLucera<br \/>\nPeschici<br \/>\nRignano Garganico<br \/>\nRoseto Valfortore<br \/>\nSan Giovanni Rotondo<br \/>\nSan Marco in Lamis<br \/>\nSan Marco La Catola<br \/>\nSan Nicandro Garganico<br \/>\nVieste<br \/>\nVolturara Appula<br \/>\nVolturino<\/p>\n<p><u>In the Province of Lecce:<\/u><br \/>\nAlessano<br \/>\nAlezio<br \/>\nAradeo<br \/>\nBorgagne &#8211; portion of Melendugno<br \/>\nCampi Salentina<br \/>\nCannole<br \/>\nCastrignano del Capo<br \/>\nCastro<br \/>\nCollepasso<br \/>\nCopertino<br \/>\nCorigliano d\u2019Otranto<br \/>\nCorsano<br \/>\nGalatone<br \/>\nGallipoli<br \/>\nGrec\u00eca Salentina<br \/>\nLeverano<br \/>\nLizzanello<br \/>\nMartano<br \/>\nMatino<br \/>\nMelendugno<br \/>\nMelpignano<br \/>\nMinervino di Lecce<br \/>\nMontesano Salentino<br \/>\nMorciano di Leuca<br \/>\nNerviano<br \/>\nNociglia<br \/>\nPalmariggi<br \/>\nPat\u00f9<br \/>\nPoggiardo<br \/>\nRuffano<br \/>\nSalve<br \/>\nSan Cassiano<br \/>\nSecl\u00ec<br \/>\nSogliano Cavour<br \/>\nUnione dei Comuni Entroterra Idruntino<br \/>\nVernole<\/p>\n<p><u>In the Province of Taranto:<br \/>\n<\/u>Castellaneta<br \/>\nUnione dei Comuni delle Terre del Mare e del Sole<\/p>\n<p><span style=\"color: #008000;\"><strong><u>FAI PROPERTIES IN\u00a0PUGLIA<\/u><\/strong><\/span><strong><u><br \/>\n<\/u><\/strong>Santa Maria Abbey in Cerrate (Lecce \u2013 2012)<\/p>\n","protected":false},"excerpt":{"rendered":"<p>EVENTS and TERRITORY<br \/>\nof the region of Salento and &#8220;orecchiette&#8221; pasta.<\/p>\n","protected":false},"author":5,"featured_media":5909,"parent":0,"menu_order":0,"comment_status":"closed","ping_status":"closed","template":"","meta":{"footnotes":""},"tags":[],"regioni":[],"luogo":[],"class_list":["post-1219","page","type-page","status-publish","has-post-thumbnail","hentry"],"yoast_head":"<!-- This site is optimized with the Yoast SEO plugin v27.3 - https:\/\/yoast.com\/product\/yoast-seo-wordpress\/ -->\n<title>Puglia - Italy By Events<\/title>\n<meta name=\"robots\" content=\"index, follow, max-snippet:-1, max-image-preview:large, max-video-preview:-1\" \/>\n<link rel=\"canonical\" href=\"https:\/\/www.italybyevents.com\/en\/puglia\" \/>\n<meta property=\"og:locale\" content=\"en_US\" \/>\n<meta property=\"og:type\" content=\"article\" \/>\n<meta property=\"og:title\" content=\"Puglia - Italy By Events\" \/>\n<meta property=\"og:description\" content=\"EVENTS and TERRITORY of the region of Salento and &quot;orecchiette&quot; pasta.\" \/>\n<meta property=\"og:url\" content=\"https:\/\/www.italybyevents.com\/en\/puglia\" \/>\n<meta property=\"og:site_name\" content=\"Italy By Events\" \/>\n<meta property=\"article:publisher\" content=\"https:\/\/www.facebook.com\/italybyevents\/\" \/>\n<meta property=\"article:modified_time\" content=\"2025-01-03T13:06:05+00:00\" \/>\n<meta property=\"og:image\" content=\"https:\/\/www.italybyevents.com\/wp-content\/uploads\/2016\/03\/Puglia-Trulli_Alberobello-1.jpg\" \/>\n\t<meta property=\"og:image:width\" content=\"750\" \/>\n\t<meta property=\"og:image:height\" content=\"464\" \/>\n\t<meta property=\"og:image:type\" content=\"image\/jpeg\" \/>\n<meta name=\"twitter:card\" content=\"summary_large_image\" \/>\n<meta name=\"twitter:label1\" content=\"Est. reading time\" \/>\n\t<meta name=\"twitter:data1\" content=\"2 minutes\" \/>\n<script type=\"application\/ld+json\" class=\"yoast-schema-graph\">{\"@context\":\"https:\\\/\\\/schema.org\",\"@graph\":[{\"@type\":\"WebPage\",\"@id\":\"https:\\\/\\\/www.italybyevents.com\\\/en\\\/puglia\",\"url\":\"https:\\\/\\\/www.italybyevents.com\\\/en\\\/puglia\",\"name\":\"Puglia - Italy By Events\",\"isPartOf\":{\"@id\":\"https:\\\/\\\/www.italybyevents.com\\\/#website\"},\"primaryImageOfPage\":{\"@id\":\"https:\\\/\\\/www.italybyevents.com\\\/en\\\/puglia#primaryimage\"},\"image\":{\"@id\":\"https:\\\/\\\/www.italybyevents.com\\\/en\\\/puglia#primaryimage\"},\"thumbnailUrl\":\"https:\\\/\\\/www.italybyevents.com\\\/wp-content\\\/uploads\\\/2016\\\/03\\\/Puglia-Trulli_Alberobello-1.jpg\",\"datePublished\":\"2016-03-04T08:32:15+00:00\",\"dateModified\":\"2025-01-03T13:06:05+00:00\",\"breadcrumb\":{\"@id\":\"https:\\\/\\\/www.italybyevents.com\\\/en\\\/puglia#breadcrumb\"},\"inLanguage\":\"en-US\",\"potentialAction\":[{\"@type\":\"ReadAction\",\"target\":[\"https:\\\/\\\/www.italybyevents.com\\\/en\\\/puglia\"]}]},{\"@type\":\"ImageObject\",\"inLanguage\":\"en-US\",\"@id\":\"https:\\\/\\\/www.italybyevents.com\\\/en\\\/puglia#primaryimage\",\"url\":\"https:\\\/\\\/www.italybyevents.com\\\/wp-content\\\/uploads\\\/2016\\\/03\\\/Puglia-Trulli_Alberobello-1.jpg\",\"contentUrl\":\"https:\\\/\\\/www.italybyevents.com\\\/wp-content\\\/uploads\\\/2016\\\/03\\\/Puglia-Trulli_Alberobello-1.jpg\",\"width\":750,\"height\":464},{\"@type\":\"BreadcrumbList\",\"@id\":\"https:\\\/\\\/www.italybyevents.com\\\/en\\\/puglia#breadcrumb\",\"itemListElement\":[{\"@type\":\"ListItem\",\"position\":1,\"name\":\"Home\",\"item\":\"https:\\\/\\\/www.italybyevents.com\\\/en\"},{\"@type\":\"ListItem\",\"position\":2,\"name\":\"Puglia\"}]},{\"@type\":\"WebSite\",\"@id\":\"https:\\\/\\\/www.italybyevents.com\\\/#website\",\"url\":\"https:\\\/\\\/www.italybyevents.com\\\/\",\"name\":\"Italy By Events\",\"description\":\"Events, food, experiences for an unforgettable trip to Italy\",\"publisher\":{\"@id\":\"https:\\\/\\\/www.italybyevents.com\\\/#organization\"},\"potentialAction\":[{\"@type\":\"SearchAction\",\"target\":{\"@type\":\"EntryPoint\",\"urlTemplate\":\"https:\\\/\\\/www.italybyevents.com\\\/?s={search_term_string}\"},\"query-input\":{\"@type\":\"PropertyValueSpecification\",\"valueRequired\":true,\"valueName\":\"search_term_string\"}}],\"inLanguage\":\"en-US\"},{\"@type\":\"Organization\",\"@id\":\"https:\\\/\\\/www.italybyevents.com\\\/#organization\",\"name\":\"Italy By Events\",\"url\":\"https:\\\/\\\/www.italybyevents.com\\\/\",\"logo\":{\"@type\":\"ImageObject\",\"inLanguage\":\"en-US\",\"@id\":\"https:\\\/\\\/www.italybyevents.com\\\/#\\\/schema\\\/logo\\\/image\\\/\",\"url\":\"https:\\\/\\\/www.italybyevents.com\\\/wp-content\\\/uploads\\\/2024\\\/12\\\/logo-colori-bandiera-1.png\",\"contentUrl\":\"https:\\\/\\\/www.italybyevents.com\\\/wp-content\\\/uploads\\\/2024\\\/12\\\/logo-colori-bandiera-1.png\",\"width\":400,\"height\":200,\"caption\":\"Italy By Events\"},\"image\":{\"@id\":\"https:\\\/\\\/www.italybyevents.com\\\/#\\\/schema\\\/logo\\\/image\\\/\"},\"sameAs\":[\"https:\\\/\\\/www.facebook.com\\\/italybyevents\\\/\"]}]}<\/script>\n<!-- \/ Yoast SEO plugin. -->","yoast_head_json":{"title":"Puglia - Italy By Events","robots":{"index":"index","follow":"follow","max-snippet":"max-snippet:-1","max-image-preview":"max-image-preview:large","max-video-preview":"max-video-preview:-1"},"canonical":"https:\/\/www.italybyevents.com\/en\/puglia","og_locale":"en_US","og_type":"article","og_title":"Puglia - Italy By Events","og_description":"EVENTS and TERRITORY of the region of Salento and \"orecchiette\" pasta.","og_url":"https:\/\/www.italybyevents.com\/en\/puglia","og_site_name":"Italy By Events","article_publisher":"https:\/\/www.facebook.com\/italybyevents\/","article_modified_time":"2025-01-03T13:06:05+00:00","og_image":[{"width":750,"height":464,"url":"https:\/\/www.italybyevents.com\/wp-content\/uploads\/2016\/03\/Puglia-Trulli_Alberobello-1.jpg","type":"image\/jpeg"}],"twitter_card":"summary_large_image","twitter_misc":{"Est. reading time":"2 minutes"},"schema":{"@context":"https:\/\/schema.org","@graph":[{"@type":"WebPage","@id":"https:\/\/www.italybyevents.com\/en\/puglia","url":"https:\/\/www.italybyevents.com\/en\/puglia","name":"Puglia - Italy By Events","isPartOf":{"@id":"https:\/\/www.italybyevents.com\/#website"},"primaryImageOfPage":{"@id":"https:\/\/www.italybyevents.com\/en\/puglia#primaryimage"},"image":{"@id":"https:\/\/www.italybyevents.com\/en\/puglia#primaryimage"},"thumbnailUrl":"https:\/\/www.italybyevents.com\/wp-content\/uploads\/2016\/03\/Puglia-Trulli_Alberobello-1.jpg","datePublished":"2016-03-04T08:32:15+00:00","dateModified":"2025-01-03T13:06:05+00:00","breadcrumb":{"@id":"https:\/\/www.italybyevents.com\/en\/puglia#breadcrumb"},"inLanguage":"en-US","potentialAction":[{"@type":"ReadAction","target":["https:\/\/www.italybyevents.com\/en\/puglia"]}]},{"@type":"ImageObject","inLanguage":"en-US","@id":"https:\/\/www.italybyevents.com\/en\/puglia#primaryimage","url":"https:\/\/www.italybyevents.com\/wp-content\/uploads\/2016\/03\/Puglia-Trulli_Alberobello-1.jpg","contentUrl":"https:\/\/www.italybyevents.com\/wp-content\/uploads\/2016\/03\/Puglia-Trulli_Alberobello-1.jpg","width":750,"height":464},{"@type":"BreadcrumbList","@id":"https:\/\/www.italybyevents.com\/en\/puglia#breadcrumb","itemListElement":[{"@type":"ListItem","position":1,"name":"Home","item":"https:\/\/www.italybyevents.com\/en"},{"@type":"ListItem","position":2,"name":"Puglia"}]},{"@type":"WebSite","@id":"https:\/\/www.italybyevents.com\/#website","url":"https:\/\/www.italybyevents.com\/","name":"Italy By Events","description":"Events, food, experiences for an unforgettable trip to Italy","publisher":{"@id":"https:\/\/www.italybyevents.com\/#organization"},"potentialAction":[{"@type":"SearchAction","target":{"@type":"EntryPoint","urlTemplate":"https:\/\/www.italybyevents.com\/?s={search_term_string}"},"query-input":{"@type":"PropertyValueSpecification","valueRequired":true,"valueName":"search_term_string"}}],"inLanguage":"en-US"},{"@type":"Organization","@id":"https:\/\/www.italybyevents.com\/#organization","name":"Italy By Events","url":"https:\/\/www.italybyevents.com\/","logo":{"@type":"ImageObject","inLanguage":"en-US","@id":"https:\/\/www.italybyevents.com\/#\/schema\/logo\/image\/","url":"https:\/\/www.italybyevents.com\/wp-content\/uploads\/2024\/12\/logo-colori-bandiera-1.png","contentUrl":"https:\/\/www.italybyevents.com\/wp-content\/uploads\/2024\/12\/logo-colori-bandiera-1.png","width":400,"height":200,"caption":"Italy By Events"},"image":{"@id":"https:\/\/www.italybyevents.com\/#\/schema\/logo\/image\/"},"sameAs":["https:\/\/www.facebook.com\/italybyevents\/"]}]}},"_links":{"self":[{"href":"https:\/\/www.italybyevents.com\/en\/wp-json\/wp\/v2\/pages\/1219","targetHints":{"allow":["GET"]}}],"collection":[{"href":"https:\/\/www.italybyevents.com\/en\/wp-json\/wp\/v2\/pages"}],"about":[{"href":"https:\/\/www.italybyevents.com\/en\/wp-json\/wp\/v2\/types\/page"}],"author":[{"embeddable":true,"href":"https:\/\/www.italybyevents.com\/en\/wp-json\/wp\/v2\/users\/5"}],"replies":[{"embeddable":true,"href":"https:\/\/www.italybyevents.com\/en\/wp-json\/wp\/v2\/comments?post=1219"}],"version-history":[{"count":21,"href":"https:\/\/www.italybyevents.com\/en\/wp-json\/wp\/v2\/pages\/1219\/revisions"}],"predecessor-version":[{"id":69630,"href":"https:\/\/www.italybyevents.com\/en\/wp-json\/wp\/v2\/pages\/1219\/revisions\/69630"}],"wp:featuredmedia":[{"embeddable":true,"href":"https:\/\/www.italybyevents.com\/en\/wp-json\/wp\/v2\/media\/5909"}],"wp:attachment":[{"href":"https:\/\/www.italybyevents.com\/en\/wp-json\/wp\/v2\/media?parent=1219"}],"wp:term":[{"taxonomy":"post_tag","embeddable":true,"href":"https:\/\/www.italybyevents.com\/en\/wp-json\/wp\/v2\/tags?post=1219"},{"taxonomy":"regioni","embeddable":true,"href":"https:\/\/www.italybyevents.com\/en\/wp-json\/wp\/v2\/regioni?post=1219"},{"taxonomy":"luogo","embeddable":true,"href":"https:\/\/www.italybyevents.com\/en\/wp-json\/wp\/v2\/luogo?post=1219"}],"curies":[{"name":"wp","href":"https:\/\/api.w.org\/{rel}","templated":true}]}}