{"id":1226,"date":"2016-03-10T10:31:13","date_gmt":"2016-03-10T09:31:13","guid":{"rendered":"http:\/\/italybyevents.com\/en\/?page_id=1226"},"modified":"2025-04-24T17:53:02","modified_gmt":"2025-04-24T15:53:02","slug":"puglia-territory","status":"publish","type":"page","link":"https:\/\/www.italybyevents.com\/en\/puglia\/puglia-territory","title":{"rendered":"Puglia &#8211; Territory"},"content":{"rendered":"<p><span title=\"La geografia del territorio \u00e8 molto varia: una costa molto estesa, di cui il 98% balneabile, una zona montuosa prevalentemente a nord con il promontorio del Gargano, una grande pianura, il Tavoliere delle Puglie che \u00e8 la seconda pianura pi\u00f9 estesa d'italia\"><strong>Apulia <\/strong>offers tourists very different landscapes: a very extensive coastline (865km), of which 98% for bathing, a mountainous area in the north with the Gargano promontory, a great plain, the &#8220;Tavoliere delle Puglie&#8221;,\u00a0 which is the second largest plain in Italy<\/span>, and the charming archipelago of Tremiti Islands.<\/p>\n<p><span class=\"\" lang=\"en\" tabindex=\"-1\"><span class=\"\" lang=\"en\" tabindex=\"-1\"><span title=\", e un arcipelago di grande fascino, le Isole Tremiti.&lt;br \/&gt;&lt;br \/&gt;&lt;br \/&gt;&lt;br \/&gt;&lt;br \/&gt;&lt;br \/&gt; \"><span title=\"Intorno a Bari, che \u00e8 il capoluogo di Regione, la zona delle Murge \u00e8 un'area famosa per le molte cattedrali, i castelli ei borghi medievali.&lt;\/p&gt;&lt;br \/&gt;&lt;br \/&gt;&lt;br \/&gt;&lt;br \/&gt;&lt;br \/&gt; &lt;p&gt;\"><strong>In the area of Murgia<\/strong>, near Bari can be visited many cathedrals, castles and medieval villages.<\/span><\/span><\/span><\/span><\/p>\n<p><span class=\"\" lang=\"en\" tabindex=\"-1\"><span class=\"\" lang=\"en\" tabindex=\"-1\"><span title=\"Un gioiello della costa barese \u00e8 Polignano a Mare, citt\u00e0 natale di Domenico Modugno e meta degli amanti del mare e dei buongustai.&lt;br \/&gt;&lt;br \/&gt;&lt;br \/&gt;&lt;br \/&gt;&lt;br \/&gt;&lt;br \/&gt; \"><strong>Polignano a Mare<\/strong> is agem of the Apulian coast, birthplace of Domenico Modugno and beloved destination by beach lovers and gourmets.<br \/>\n<a href=\"https:\/\/en.wikipedia.org\/wiki\/Alberobello\" target=\"_blank\" rel=\"noopener noreferrer\">A<\/a><\/span><span title=\"Nell'entroterra, ad Alberobello si possono visitare i famosi \u201ctrulli\u201d, antiche costruzioni in pietra a secco dal caratteristico tetto conico che si trovano solo in Puglia e sono state dichiarate Patrimonio dell'Umanit\u00e0 (UNESCO).&lt;br \/&gt;&lt;br \/&gt;&lt;br \/&gt;&lt;br \/&gt;&lt;br \/&gt;&lt;br \/&gt; \"><a href=\"https:\/\/en.wikipedia.org\/wiki\/Alberobello\">lberobello <\/a>is the place of the famous &#8220;trulli&#8221;, ancient stone buildings with a characteristic conical roof. Trulli can be found just in a small area of Apulia and they have been included in World Heritage Sites (UNESCO).<br \/>\n<\/span><span title=\"Non distante \u00e8 la citt\u00e0 di Putignano, famosa per il Carnevale, e da cui si raggiungono in pochi minuti le grotte di Castellana.&lt;br \/&gt;&lt;br \/&gt;&lt;br \/&gt;&lt;br \/&gt;&lt;br \/&gt;&lt;br \/&gt; \">Not far away are the town of Putignano, famous for its Carnival, and the caves of Castellana.<br \/>\n<\/span><span title=\"Per un'escursione nella natura la destinazione pi\u00f9 interessante \u00e8 il Parco Nazionale dell'Alta Murgia, ultimo esempio in Italia di steppa mediterranea e habitat di molte specie protette di flora e di fauna.&lt;br \/&gt;&lt;br \/&gt;&lt;br \/&gt;&lt;br \/&gt;&lt;br \/&gt;&lt;br \/&gt; \">For a hike immersed in the nature, the must interesting place is the &#8220;<a href=\"https:\/\/en.wikipedia.org\/wiki\/Alta_Murgia_National_Park\" target=\"_blank\" rel=\"noopener noreferrer\">Alta Murgia National Park<\/a>&#8220;, a last example in Italy of Mediterranean steppe and a perfect habitat for many protected species of animals, plants and flowers.<br \/>\n<\/span><span title=\"Per un tuffo nella preistoria, invece, alla cava di Pontrelli si possono scoprire le orme dei dinosauri, alla grotta di Lamalunga \u00e8 stato ritrovato \u201cl'uomo di Altamura\u201c, un ominide vissuto 250 mila anni fa, e nell'area di Ruvo di\"><br \/>\n<strong>Prehistory lovers<\/strong> may see the footprints of dinosaurs at Pontrelli quarry.<br \/>\nThe &#8220;Altamura man,&#8221; a hominid dated 250,000 years ago has been found in the Lamalunga cave.<br \/>\nA<\/span><span title=\"Puglia sono visitabili antiche costruzioni di culto, come dolmen e tombe megalitiche.&lt;\/p&gt;&lt;br \/&gt;&lt;br \/&gt;&lt;br \/&gt;&lt;br \/&gt;&lt;br \/&gt; &lt;p&gt;\">ncient buildings of worship, as dolmens and megalithic tombs can be visited in <span title=\"Per un tuffo nella preistoria, invece, alla cava di Pontrelli si possono scoprire le orme dei dinosauri, alla grotta di Lamalunga \u00e8 stato ritrovato \u201cl'uomo di Altamura\u201c, un ominide vissuto 250 mila anni fa, e nell'area di Ruvo di\">Ruvo di <\/span>Puglia.<br \/>\n<\/span><\/span><\/span><span title=\"Altre splendide localit\u00e0 sono Trani, Bisceglie e Barletta oppure le famose terme di Margherita di Savoia.\"><br \/>\n<\/span><strong>Salento<\/strong> is the southernmost part of Apulia and is famous for its farms.<span title=\"Il Salento \u00e8 la parte pi\u00f9 meridionale della Puglia ed \u00e8 famoso per le sue masserie.&lt;br \/&gt;&lt;br \/&gt;&lt;br \/&gt;&lt;br \/&gt;&lt;br \/&gt;&lt;br \/&gt; \"><br \/>\n<\/span><span title=\"Citt\u00e0 bellissime sono l'antichissima Lecce, chiamata la \u201cFirenze del Sud\u201d per la bellezza dei suoi palazzi e chiese in stile barocco, costruiti con la tipica pietra leccese;\">Beautiful city are the ancient Lecce, called the &#8220;Florence of the South&#8221; for the beauty of its palaces and baroque churches, built with a typical local stone; <\/span>Otranto, medieval village perched on a rock overlooking the sea; and Gallipoli, a charming seaside resort.<span id=\"result_box\" class=\"\" lang=\"en\" tabindex=\"-1\"><span title=\"Otranto, borgo medievale arroccato su una roccia a strapiombo sul mare e Gallipoli, ridente localit\u00e0 balneare dove si possono praticare tutti gli sport acquatici.&lt;br \/&gt;&lt;br \/&gt;&lt;br \/&gt;&lt;br \/&gt;&lt;br \/&gt;&lt;br \/&gt; \"> In the Northern part of Apulia, a<\/span><span title=\"Un'altra zona di grande interesse e molto famosa \u00e8 il Gargano, un esteso promontorio nella provincia di Foggia, molto visitato sia per le bellezze naturali dell'entroterra che della costa, con i centri balneari di Peschici, Vieste, Mattinata, Manfredonia, e\">nother\u00a0very interesting area is Gargano, a large promontory in the province of Foggia, that offers tourist beautiful landscapes both inland and along the coast.\u00a0 Peschici, Vieste, Mattinata, Manfredonia are the best known seaside resorts while <\/span><span title=\"per le localit\u00e0 di interesse religioso, come San Giovanni Rotondo, citt\u00e0 di Padre Pio, Monte Sant'Angelo, meta di pellegrinaggi cristiani dal VI secolo, San Marco in Lamis e Manfredonia.\">San Giovanni Rotondo, the city of Padre Pio, Monte Sant&#8217;Angelo, a <span class=\"hps\">Christian<\/span> <span class=\"hps\">pilgrimage site since<\/span> the sixth century, San Marco in Lamis <span title=\"Un'altra zona di grande interesse e molto famosa \u00e8 il Gargano, un esteso promontorio nella provincia di Foggia, molto visitato sia per le bellezze naturali dell'entroterra che della costa, con i centri balneari di Peschici, Vieste, Mattinata, Manfredonia, e\">are hot spots of <\/span>religious interest.<br \/>\n<\/span><\/span><\/p>\n<p><strong><u><span style=\"color: #008000;\">NATIONAL PARKS IN PUGLIA:<br \/>\n<\/span><\/u><\/strong><em><small><strong>The National Parks of Italy<\/strong> are natural areas of land, sea, river, or lake whose value is a well-preserved ecosystem. Thus their nature, together with their cultural, educational, or recreational values \u200b\u200bare protected by the Italian Government in order to be preserved for the future. \u00a0Currently, in Italy there are 25 National Parks, covering an area of \u200b\u200bover 1,500,000 hectares (15,000 km\u00b2), about 6% of the Italian territory.<\/small><\/em><\/p>\n<p><a href=\"https:\/\/en.wikipedia.org\/wiki\/Gargano_National_Park\" target=\"_blank\" rel=\"noopener noreferrer\">Gargano National Parks<\/a><br \/>\n<a href=\"https:\/\/en.wikipedia.org\/wiki\/Alta_Murgia_National_Park\" target=\"_blank\" rel=\"noopener noreferrer\">Alta Murgia National Parks<\/a><\/p>\n<p><strong><u><span style=\"color: #008000;\"><br \/>\nREGIONAL PARKS IN PUGLIA:<br \/>\n<\/span><\/u><\/strong><em><small><strong>The Italian Regional Parks<\/strong> are land, river, lake, and sea areas facing the coast. Their value is being like a system including the nature of the places, art, \u200b\u200band cultural traditions of the local inhabitants. The Italian Regional Parks are more than 150 and cover an area of \u200b\u200bapproximately 1million and 500,000 hectares.<\/small><\/em><\/p>\n<p>Lama Balice Regional Park<br \/>\nSalina di Punta della Contessa Regional Park<br \/>\nBosco e paludi di Rauccio Regional Park<br \/>\nTerra delle Gravine Regional Park<br \/>\nPorto Selvaggio e Palude del Capitano Regional Park<br \/>\nBosco Incoronata Regional Park<br \/>\nIsola di S. Andrea e litorale di Punta Pizzo Regional Park<br \/>\nCosta Otranto \u2013 S. Maria di Leuca e Bosco di Tricase Regional Park<br \/>\nDune costiere da Torre Canne a Torre S. Leonardo Regional Park<br \/>\nLitorale di Ugento Regional Park<br \/>\nOfanto River Regional Park<\/p>\n<p><strong><u><span style=\"color: #008000;\"><br \/>\nNATURE RESERVES IN PUGLIA:<br \/>\n<\/span><\/u><\/strong><u><\/u><em><small><strong>Nature Reserves,<\/strong> also called Protected Natural Areas or Natural Oasis, their mission is to maintain their &#8220;equilibrium&#8221; by conserving and increasing biodiversity. These areas are characterized by heterogeneous landscapes and they are home to different species of animals and plants. They are the animal\u2019s shelter for reproduction. Hunting is prohibited. Actually Protected Natural Areas in Italy are more than 145.<\/small><\/em><\/p>\n<p><u>In the Province of Barletta-Andria-Trani:<\/u><br \/>\nSalina di Margherita di Savoia Nature Reserve<\/p>\n<p><u>In the Province of Brindisi:<\/u><br \/>\nTorre Guaceto Nature Reserve<\/p>\n<p><u>In the Province of Foggia:<\/u><br \/>\nFalascone<br \/>\nForesta Umbra Nature Reserve<br \/>\nIl Monte Nature Reserve<br \/>\nIschitella e Carpino Nature Reserve<br \/>\nIsola di Varano Nature Reserve<br \/>\nLago di Lesina Nature Reserve<br \/>\nMasseria Combattenti Nature Reserve<br \/>\nMonte Barone Nature Reserve<br \/>\nPalude di Frattarolo Nature Reserve<br \/>\nSfilzi Nature Reserve<\/p>\n<p><u>In the Province of Lecce:<\/u><br \/>\nLe Cesine Nature Reserve<br \/>\nSan Cataldo Nature Reserve<\/p>\n<p><u>In the Province of Taranto:<\/u><br \/>\nRiserva naturale Murge Orientali Nature Reserve<br \/>\nStornara Nature Reserve<\/p>\n<p><strong><u><span style=\"color: #008000;\"><br \/>\nMARINE PROTECTED AREAS IN PUGLIA:<br \/>\n<\/span><\/u><\/strong><em><small><strong>Marine Protected Areas<\/strong> or Marine Reserves are stretches of the sea where sport fishing, professional fishing, scuba diving, the entry with motorboats, motorcycles, cars are prohibited or limited. And the abandonment of waste on the beaches is severely punished. The typology of these areas varies according to the protection constraints. There are more than 25 Italian Marine Protected Areas, covering an area of \u200b\u200bapproximately 222,442 hectares of sea.<\/small><\/em><\/p>\n<p>Isole Tremiti<br \/>\nPorto Cesareo<br \/>\nTorre Guaceto<\/p>\n<p><strong><u><span style=\"color: #008000;\"><br \/>\nWWF NATURE RESERVES IN PUGLIA:<br \/>\n<\/span><\/u><\/strong><u><\/u><em><small><strong>The WWF Oases<\/strong> are the first Italian network of protected areas managed by a private association. WWF activities in the Oases range from ecotourism to nature holidays, education, training, and environmental information programs. There are more than 100 WWF Oases in Italy, covering more than 30,000 hectares of land in 18 regions. They are visited by more than 500,000 people a year.<\/small><\/em><\/p>\n<p><u>In the Province of Bari:<\/u><br \/>\nBoschi Romanazzi<br \/>\nGioia del Colle<br \/>\nIl Rifugio Melitto<br \/>\nOasi Acquaviva delle Fonti<\/p>\n<p><u>In other Provinces:<\/u><br \/>\nLago Salso (Foggia)<br \/>\nLe Cesine (Lecce)<br \/>\nMonte Sant\u2019Elia (Taranto)<br \/>\nTorre Guaceto (Brindisi)<\/p>\n<p><strong><u><span style=\"color: #008000;\"><br \/>\nBLUE FLAGS IN PUGLIA:<br \/>\n<\/span><\/u><\/strong><u><\/u><em><small><strong>Blue Flag <\/strong>is an International recognition reserved for lakes or seaside tourist resorts that comply with sustainable land management criteria. The Blue Flag is awarded annually by the non-governmental and non-profit organization &#8220;Foundation for Environmental Education&#8221; (FEE). Only the localities whose waters have been excellent in the previous season can apply. In 2020, more than 195 municipalities and over 407 Italian beaches have been awarded as &#8220;Blue Flag&#8221;.<\/small><\/em><\/p>\n<p><u>In the Province of Brindisi:<br \/>\n<\/u>Carovigno \u2013 punta Penna Grossa\/Torre Guaceto<br \/>\nFasano \u2013 Egnazia Case Bianche\/Savelletri\/Torre Canne<br \/>\nOstuni \u2013 Creta Rossa, lido Fontanelle, Pilone, Lido Morelli<\/p>\n<p><u>In the Province of Lecce:<br \/>\n<\/u>Castro \u2013 La sorgente, Zinzulusa<br \/>\nIdro, Porto Badisco<br \/>\nMelendugno \u2013 Roca, San Foca nord\/centro\/Torre Specchia, Torre Sant\u2019Andrea, Torre dell\u2019Orso<br \/>\nOtranto \u2013 Alimini\/Baia dei Turchi\/Santo Stefano, Castellana\/Porto Craulo, Madonna dell\u2019Altomare, Salve \u2013 Pescoluse, Posto Vecchio, Torre Pali<\/p>\n<p><u>In the Province of Taranto:<br \/>\n<\/u>Castellaneta \u2013 Riva dei Tessali\/Pineta<br \/>\nGinosa \u2013 Marina di Ginosa<br \/>\nGiovinazzi\/Castellaneta marina\/Bosco della Marina<\/p>\n<p><u>In other Provinces:<br \/>\n<\/u>Margherita di Savoia \u2013 centro urbano\/Canna Fesca (BT)<br \/>\nPolignano a Mare \u2013 San Vito, San Giovanni, Cala Fetente, Ripagnola\/Coco Village (BA)<\/p>\n<p><strong><u><span style=\"color: #008000;\"><br \/>\nORANGE FLAGS\u00a0IN PUGLIA:<br \/>\n<\/span><\/u><\/strong><u><\/u><em><small><strong>Orange Flag <\/strong>is a tourism-environmental quality mark awarded by the Italian Touring Club to small towns in the Italian inland (maximum 15,000 inhabitants) which stand out for their quality hospitality. The Orange Flag has been awarded to over 200 Italian municipalities.<\/small><\/em><\/p>\n<p><u>In the Province of Bari:<br \/>\n<\/u>Alberobello<br \/>\nLocorotondo<\/p>\n<p><u>In the Province of Brindisi:<br \/>\n<\/u>Cisternino<br \/>\nOria<\/p>\n<p><u>In the Province of Foggia:<br \/>\n<\/u>Alberona<br \/>\nBovino<br \/>\nOrsara di Puglia<br \/>\nPietramontecorvino<br \/>\nRocchetta Sant\u2019Antonio<br \/>\nSant\u2019Agata di Puglia<br \/>\nTroia<\/p>\n<p><u>In the Province of Lecce:<br \/>\n<\/u>Corigliano d\u2019Otranto<br \/>\nSpecchia<\/p>\n<p>&nbsp;<\/p>\n","protected":false},"excerpt":{"rendered":"<p>Beautiful beaches, Gargano, Tremiti islands, Castellana Caves, Salento. Al Bano, Anna Oxa, and &#8230; were born in Puglia<\/p>\n","protected":false},"author":5,"featured_media":3661,"parent":1219,"menu_order":0,"comment_status":"closed","ping_status":"closed","template":"","meta":{"footnotes":""},"tags":[],"regioni":[],"luogo":[],"class_list":["post-1226","page","type-page","status-publish","has-post-thumbnail","hentry"],"yoast_head":"<!-- This site is optimized with the Yoast SEO plugin v27.4 - https:\/\/yoast.com\/product\/yoast-seo-wordpress\/ -->\n<title>Puglia or Apulia - Southern Italy. Beaches and natural parks to enjoy<\/title>\n<meta name=\"description\" content=\"Apulia offers tourists very different landscapes: a very extensive coastline, huge natural parks, the fascinating Lecce called the Southern Florence...\" \/>\n<meta name=\"robots\" content=\"index, follow, max-snippet:-1, max-image-preview:large, max-video-preview:-1\" \/>\n<link rel=\"canonical\" href=\"https:\/\/www.italybyevents.com\/en\/puglia\/puglia-territory\" \/>\n<meta property=\"og:locale\" content=\"en_US\" \/>\n<meta property=\"og:type\" content=\"article\" \/>\n<meta property=\"og:title\" content=\"Puglia or Apulia - Southern Italy. Beaches and natural parks to enjoy\" \/>\n<meta property=\"og:description\" content=\"Apulia offers tourists very different landscapes: a very extensive coastline, huge natural parks, the fascinating Lecce called the Southern Florence...\" \/>\n<meta property=\"og:url\" content=\"https:\/\/www.italybyevents.com\/en\/puglia\/puglia-territory\" \/>\n<meta property=\"og:site_name\" content=\"Italy By Events\" \/>\n<meta property=\"article:publisher\" content=\"https:\/\/www.facebook.com\/italybyevents\/\" \/>\n<meta property=\"article:modified_time\" content=\"2025-04-24T15:53:02+00:00\" \/>\n<meta property=\"og:image\" content=\"https:\/\/www.italybyevents.com\/wp-content\/uploads\/2016\/03\/Puglia-Peschici_dal_mare.jpg\" \/>\n\t<meta property=\"og:image:width\" content=\"750\" \/>\n\t<meta property=\"og:image:height\" content=\"464\" \/>\n\t<meta property=\"og:image:type\" content=\"image\/jpeg\" \/>\n<meta name=\"twitter:card\" content=\"summary_large_image\" \/>\n<meta name=\"twitter:label1\" content=\"Est. reading time\" \/>\n\t<meta name=\"twitter:data1\" content=\"7 minutes\" \/>\n<script type=\"application\/ld+json\" class=\"yoast-schema-graph\">{\"@context\":\"https:\\\/\\\/schema.org\",\"@graph\":[{\"@type\":\"WebPage\",\"@id\":\"https:\\\/\\\/www.italybyevents.com\\\/en\\\/puglia\\\/puglia-territory\",\"url\":\"https:\\\/\\\/www.italybyevents.com\\\/en\\\/puglia\\\/puglia-territory\",\"name\":\"Puglia or Apulia - Southern Italy. Beaches and natural parks to enjoy\",\"isPartOf\":{\"@id\":\"https:\\\/\\\/www.italybyevents.com\\\/#website\"},\"primaryImageOfPage\":{\"@id\":\"https:\\\/\\\/www.italybyevents.com\\\/en\\\/puglia\\\/puglia-territory#primaryimage\"},\"image\":{\"@id\":\"https:\\\/\\\/www.italybyevents.com\\\/en\\\/puglia\\\/puglia-territory#primaryimage\"},\"thumbnailUrl\":\"https:\\\/\\\/www.italybyevents.com\\\/wp-content\\\/uploads\\\/2016\\\/03\\\/Puglia-Peschici_dal_mare.jpg\",\"datePublished\":\"2016-03-10T09:31:13+00:00\",\"dateModified\":\"2025-04-24T15:53:02+00:00\",\"description\":\"Apulia offers tourists very different landscapes: a very extensive coastline, huge natural parks, the fascinating Lecce called the Southern Florence...\",\"breadcrumb\":{\"@id\":\"https:\\\/\\\/www.italybyevents.com\\\/en\\\/puglia\\\/puglia-territory#breadcrumb\"},\"inLanguage\":\"en-US\",\"potentialAction\":[{\"@type\":\"ReadAction\",\"target\":[\"https:\\\/\\\/www.italybyevents.com\\\/en\\\/puglia\\\/puglia-territory\"]}]},{\"@type\":\"ImageObject\",\"inLanguage\":\"en-US\",\"@id\":\"https:\\\/\\\/www.italybyevents.com\\\/en\\\/puglia\\\/puglia-territory#primaryimage\",\"url\":\"https:\\\/\\\/www.italybyevents.com\\\/wp-content\\\/uploads\\\/2016\\\/03\\\/Puglia-Peschici_dal_mare.jpg\",\"contentUrl\":\"https:\\\/\\\/www.italybyevents.com\\\/wp-content\\\/uploads\\\/2016\\\/03\\\/Puglia-Peschici_dal_mare.jpg\",\"width\":750,\"height\":464,\"caption\":\"Peschici\"},{\"@type\":\"BreadcrumbList\",\"@id\":\"https:\\\/\\\/www.italybyevents.com\\\/en\\\/puglia\\\/puglia-territory#breadcrumb\",\"itemListElement\":[{\"@type\":\"ListItem\",\"position\":1,\"name\":\"Home\",\"item\":\"https:\\\/\\\/www.italybyevents.com\\\/en\"},{\"@type\":\"ListItem\",\"position\":2,\"name\":\"Puglia\",\"item\":\"https:\\\/\\\/www.italybyevents.com\\\/en\\\/puglia\"},{\"@type\":\"ListItem\",\"position\":3,\"name\":\"Puglia &#8211; Territory\"}]},{\"@type\":\"WebSite\",\"@id\":\"https:\\\/\\\/www.italybyevents.com\\\/#website\",\"url\":\"https:\\\/\\\/www.italybyevents.com\\\/\",\"name\":\"Italy By Events\",\"description\":\"Events, food, experiences for an unforgettable trip to Italy\",\"publisher\":{\"@id\":\"https:\\\/\\\/www.italybyevents.com\\\/#organization\"},\"potentialAction\":[{\"@type\":\"SearchAction\",\"target\":{\"@type\":\"EntryPoint\",\"urlTemplate\":\"https:\\\/\\\/www.italybyevents.com\\\/?s={search_term_string}\"},\"query-input\":{\"@type\":\"PropertyValueSpecification\",\"valueRequired\":true,\"valueName\":\"search_term_string\"}}],\"inLanguage\":\"en-US\"},{\"@type\":\"Organization\",\"@id\":\"https:\\\/\\\/www.italybyevents.com\\\/#organization\",\"name\":\"Italy By Events\",\"url\":\"https:\\\/\\\/www.italybyevents.com\\\/\",\"logo\":{\"@type\":\"ImageObject\",\"inLanguage\":\"en-US\",\"@id\":\"https:\\\/\\\/www.italybyevents.com\\\/#\\\/schema\\\/logo\\\/image\\\/\",\"url\":\"https:\\\/\\\/www.italybyevents.com\\\/wp-content\\\/uploads\\\/2024\\\/12\\\/logo-colori-bandiera-1.png\",\"contentUrl\":\"https:\\\/\\\/www.italybyevents.com\\\/wp-content\\\/uploads\\\/2024\\\/12\\\/logo-colori-bandiera-1.png\",\"width\":400,\"height\":200,\"caption\":\"Italy By Events\"},\"image\":{\"@id\":\"https:\\\/\\\/www.italybyevents.com\\\/#\\\/schema\\\/logo\\\/image\\\/\"},\"sameAs\":[\"https:\\\/\\\/www.facebook.com\\\/italybyevents\\\/\"]}]}<\/script>\n<!-- \/ Yoast SEO plugin. -->","yoast_head_json":{"title":"Puglia or Apulia - Southern Italy. Beaches and natural parks to enjoy","description":"Apulia offers tourists very different landscapes: a very extensive coastline, huge natural parks, the fascinating Lecce called the Southern Florence...","robots":{"index":"index","follow":"follow","max-snippet":"max-snippet:-1","max-image-preview":"max-image-preview:large","max-video-preview":"max-video-preview:-1"},"canonical":"https:\/\/www.italybyevents.com\/en\/puglia\/puglia-territory","og_locale":"en_US","og_type":"article","og_title":"Puglia or Apulia - Southern Italy. Beaches and natural parks to enjoy","og_description":"Apulia offers tourists very different landscapes: a very extensive coastline, huge natural parks, the fascinating Lecce called the Southern Florence...","og_url":"https:\/\/www.italybyevents.com\/en\/puglia\/puglia-territory","og_site_name":"Italy By Events","article_publisher":"https:\/\/www.facebook.com\/italybyevents\/","article_modified_time":"2025-04-24T15:53:02+00:00","og_image":[{"width":750,"height":464,"url":"https:\/\/www.italybyevents.com\/wp-content\/uploads\/2016\/03\/Puglia-Peschici_dal_mare.jpg","type":"image\/jpeg"}],"twitter_card":"summary_large_image","twitter_misc":{"Est. reading time":"7 minutes"},"schema":{"@context":"https:\/\/schema.org","@graph":[{"@type":"WebPage","@id":"https:\/\/www.italybyevents.com\/en\/puglia\/puglia-territory","url":"https:\/\/www.italybyevents.com\/en\/puglia\/puglia-territory","name":"Puglia or Apulia - Southern Italy. Beaches and natural parks to enjoy","isPartOf":{"@id":"https:\/\/www.italybyevents.com\/#website"},"primaryImageOfPage":{"@id":"https:\/\/www.italybyevents.com\/en\/puglia\/puglia-territory#primaryimage"},"image":{"@id":"https:\/\/www.italybyevents.com\/en\/puglia\/puglia-territory#primaryimage"},"thumbnailUrl":"https:\/\/www.italybyevents.com\/wp-content\/uploads\/2016\/03\/Puglia-Peschici_dal_mare.jpg","datePublished":"2016-03-10T09:31:13+00:00","dateModified":"2025-04-24T15:53:02+00:00","description":"Apulia offers tourists very different landscapes: a very extensive coastline, huge natural parks, the fascinating Lecce called the Southern Florence...","breadcrumb":{"@id":"https:\/\/www.italybyevents.com\/en\/puglia\/puglia-territory#breadcrumb"},"inLanguage":"en-US","potentialAction":[{"@type":"ReadAction","target":["https:\/\/www.italybyevents.com\/en\/puglia\/puglia-territory"]}]},{"@type":"ImageObject","inLanguage":"en-US","@id":"https:\/\/www.italybyevents.com\/en\/puglia\/puglia-territory#primaryimage","url":"https:\/\/www.italybyevents.com\/wp-content\/uploads\/2016\/03\/Puglia-Peschici_dal_mare.jpg","contentUrl":"https:\/\/www.italybyevents.com\/wp-content\/uploads\/2016\/03\/Puglia-Peschici_dal_mare.jpg","width":750,"height":464,"caption":"Peschici"},{"@type":"BreadcrumbList","@id":"https:\/\/www.italybyevents.com\/en\/puglia\/puglia-territory#breadcrumb","itemListElement":[{"@type":"ListItem","position":1,"name":"Home","item":"https:\/\/www.italybyevents.com\/en"},{"@type":"ListItem","position":2,"name":"Puglia","item":"https:\/\/www.italybyevents.com\/en\/puglia"},{"@type":"ListItem","position":3,"name":"Puglia &#8211; Territory"}]},{"@type":"WebSite","@id":"https:\/\/www.italybyevents.com\/#website","url":"https:\/\/www.italybyevents.com\/","name":"Italy By Events","description":"Events, food, experiences for an unforgettable trip to Italy","publisher":{"@id":"https:\/\/www.italybyevents.com\/#organization"},"potentialAction":[{"@type":"SearchAction","target":{"@type":"EntryPoint","urlTemplate":"https:\/\/www.italybyevents.com\/?s={search_term_string}"},"query-input":{"@type":"PropertyValueSpecification","valueRequired":true,"valueName":"search_term_string"}}],"inLanguage":"en-US"},{"@type":"Organization","@id":"https:\/\/www.italybyevents.com\/#organization","name":"Italy By Events","url":"https:\/\/www.italybyevents.com\/","logo":{"@type":"ImageObject","inLanguage":"en-US","@id":"https:\/\/www.italybyevents.com\/#\/schema\/logo\/image\/","url":"https:\/\/www.italybyevents.com\/wp-content\/uploads\/2024\/12\/logo-colori-bandiera-1.png","contentUrl":"https:\/\/www.italybyevents.com\/wp-content\/uploads\/2024\/12\/logo-colori-bandiera-1.png","width":400,"height":200,"caption":"Italy By Events"},"image":{"@id":"https:\/\/www.italybyevents.com\/#\/schema\/logo\/image\/"},"sameAs":["https:\/\/www.facebook.com\/italybyevents\/"]}]}},"_links":{"self":[{"href":"https:\/\/www.italybyevents.com\/en\/wp-json\/wp\/v2\/pages\/1226","targetHints":{"allow":["GET"]}}],"collection":[{"href":"https:\/\/www.italybyevents.com\/en\/wp-json\/wp\/v2\/pages"}],"about":[{"href":"https:\/\/www.italybyevents.com\/en\/wp-json\/wp\/v2\/types\/page"}],"author":[{"embeddable":true,"href":"https:\/\/www.italybyevents.com\/en\/wp-json\/wp\/v2\/users\/5"}],"replies":[{"embeddable":true,"href":"https:\/\/www.italybyevents.com\/en\/wp-json\/wp\/v2\/comments?post=1226"}],"version-history":[{"count":14,"href":"https:\/\/www.italybyevents.com\/en\/wp-json\/wp\/v2\/pages\/1226\/revisions"}],"predecessor-version":[{"id":90465,"href":"https:\/\/www.italybyevents.com\/en\/wp-json\/wp\/v2\/pages\/1226\/revisions\/90465"}],"up":[{"embeddable":true,"href":"https:\/\/www.italybyevents.com\/en\/wp-json\/wp\/v2\/pages\/1219"}],"wp:featuredmedia":[{"embeddable":true,"href":"https:\/\/www.italybyevents.com\/en\/wp-json\/wp\/v2\/media\/3661"}],"wp:attachment":[{"href":"https:\/\/www.italybyevents.com\/en\/wp-json\/wp\/v2\/media?parent=1226"}],"wp:term":[{"taxonomy":"post_tag","embeddable":true,"href":"https:\/\/www.italybyevents.com\/en\/wp-json\/wp\/v2\/tags?post=1226"},{"taxonomy":"regioni","embeddable":true,"href":"https:\/\/www.italybyevents.com\/en\/wp-json\/wp\/v2\/regioni?post=1226"},{"taxonomy":"luogo","embeddable":true,"href":"https:\/\/www.italybyevents.com\/en\/wp-json\/wp\/v2\/luogo?post=1226"}],"curies":[{"name":"wp","href":"https:\/\/api.w.org\/{rel}","templated":true}]}}